{"id":94,"date":"2019-10-12T23:18:52","date_gmt":"2019-10-13T03:18:52","guid":{"rendered":"http:\/\/revitalizacion.proeibandes.org\/?page_id=94"},"modified":"2019-11-30T09:51:58","modified_gmt":"2019-11-30T13:51:58","slug":"conclusiones-y-recomendaciones","status":"publish","type":"page","link":"https:\/\/revitalizacion.proeibandes.org\/index.php\/pagina-ejemplo\/conclusiones-y-recomendaciones\/","title":{"rendered":"Conclusiones del evento"},"content":{"rendered":"\n<h3 class=\"wp-block-heading\">\u201cQue las voces y los cantos de los Pueblos Ind\u00edgenas de Abya Yala se escuchen en voz alta\u201d<\/h3>\n\n\n\n<div class=\"wp-block-image\"><figure class=\"aligncenter size-large\"><img loading=\"lazy\" decoding=\"async\" width=\"1024\" height=\"611\" src=\"http:\/\/revitalizacion.proeibandes.org\/wp-content\/uploads\/2019\/11\/foto1-1024x611.jpg\" alt=\"\" class=\"wp-image-110\" srcset=\"https:\/\/revitalizacion.proeibandes.org\/wp-content\/uploads\/2019\/11\/foto1-1024x611.jpg 1024w, https:\/\/revitalizacion.proeibandes.org\/wp-content\/uploads\/2019\/11\/foto1-300x179.jpg 300w, https:\/\/revitalizacion.proeibandes.org\/wp-content\/uploads\/2019\/11\/foto1-768x459.jpg 768w, https:\/\/revitalizacion.proeibandes.org\/wp-content\/uploads\/2019\/11\/foto1-1536x917.jpg 1536w, https:\/\/revitalizacion.proeibandes.org\/wp-content\/uploads\/2019\/11\/foto1.jpg 1668w\" sizes=\"(max-width: 1024px) 100vw, 1024px\" \/><\/figure><\/div>\n\n\n\n<p align=\"justify\"> Las y los participantes en el \u201cSeminario Internacional sobre Revitalizaci\u00f3n de lenguas ind\u00edgenas. Buenas pr\u00e1cticas\u201d organizado por iniciativas compartidas entre el PROEIB Andes, el Fondo para el Desarrollo de los Pueblos Ind\u00edgenas de Am\u00e9rica Latina y El Caribe FILAC, los Ministerios de Educacion y de Relaciones Exteriores el Estado Plurinacional de Bolivia, realizado en la Ciudad de Cochabamba, reuni\u00f3 a mujeres y hombres de Pueblos Ind\u00edgenas, Universidades latinoamericanas, y Gobiernos, procedentes de Argentina, Brasil, Chile, Ecuador, Per\u00fa, Chile, M\u00e9xico, Guatemala Nicaragua y Bolivia con el prop\u00f3sito de analizar la situaci\u00f3n actual de la vitalidad y vulnerabilidad de las lenguas originarias en Am\u00e9rica Latina. <\/p>\n<p align=\"justify\"> Este espacio de reflexi\u00f3n fue parte de las actividades preparatorias para el A\u00f1o 2019, declarado por Naciones Unidas como A\u00f1o Internacional de las Lenguas Ind\u00edgenas a iniciativa de los gobiernos de Bolivia y Ecuador. <\/p>\n<p align=\"justify\"> Los y las participantes del Seminario agradecen al pueblo boliviano y a su presidente, hermano Evo Morales Ayma, por posicionar en el continente americano el tema de la revitalizaci\u00f3n de las lenguas de los pueblos originarios para preservar las culturas, identidades, conocimientos y hacer posible la construcci\u00f3n de sociedades interculturales sostenibles. <\/p>\n\n\n\n<div class=\"wp-block-image\"><figure class=\"aligncenter size-large\"><img loading=\"lazy\" decoding=\"async\" width=\"1024\" height=\"644\" src=\"http:\/\/revitalizacion.proeibandes.org\/wp-content\/uploads\/2019\/11\/foto2-1024x644.jpg\" alt=\"\" class=\"wp-image-111\" srcset=\"https:\/\/revitalizacion.proeibandes.org\/wp-content\/uploads\/2019\/11\/foto2-1024x644.jpg 1024w, https:\/\/revitalizacion.proeibandes.org\/wp-content\/uploads\/2019\/11\/foto2-300x189.jpg 300w, https:\/\/revitalizacion.proeibandes.org\/wp-content\/uploads\/2019\/11\/foto2-768x483.jpg 768w, https:\/\/revitalizacion.proeibandes.org\/wp-content\/uploads\/2019\/11\/foto2-1536x965.jpg 1536w, https:\/\/revitalizacion.proeibandes.org\/wp-content\/uploads\/2019\/11\/foto2.jpg 1728w\" sizes=\"(max-width: 1024px) 100vw, 1024px\" \/><\/figure><\/div>\n\n\n\n<p align=\"justify\"> Reconocen igualmente que estamos en el momento de emprender nuevos caminos para hacer posible la sostenibilidad de la vida, siguiendo las ense\u00f1anzas de los pueblos ind\u00edgenas y sus sistemas de conocimientos, como base de la gesti\u00f3n integral. <\/p>\n\n\n\n<h4 class=\"wp-block-heading\">Aprendizajes. Valor e importancia de los idiomas ind\u00edgenas en Am\u00e9rica Latina y el Caribe:<\/h4>\n\n\n\n<div class=\"wp-block-image\"><figure class=\"aligncenter size-large\"><img loading=\"lazy\" decoding=\"async\" width=\"1024\" height=\"613\" src=\"http:\/\/revitalizacion.proeibandes.org\/wp-content\/uploads\/2019\/11\/foto3-1024x613.jpg\" alt=\"\" class=\"wp-image-112\" srcset=\"https:\/\/revitalizacion.proeibandes.org\/wp-content\/uploads\/2019\/11\/foto3-1024x613.jpg 1024w, https:\/\/revitalizacion.proeibandes.org\/wp-content\/uploads\/2019\/11\/foto3-300x180.jpg 300w, https:\/\/revitalizacion.proeibandes.org\/wp-content\/uploads\/2019\/11\/foto3-768x460.jpg 768w, https:\/\/revitalizacion.proeibandes.org\/wp-content\/uploads\/2019\/11\/foto3-1536x919.jpg 1536w, https:\/\/revitalizacion.proeibandes.org\/wp-content\/uploads\/2019\/11\/foto3.jpg 1734w\" sizes=\"(max-width: 1024px) 100vw, 1024px\" \/><\/figure><\/div>\n\n\n\n<ul>\n<li>En Am\u00e9rica Latina y el Caribe se ha avanzado significativamente en la creaci\u00f3n de instrumentos jur\u00eddicos para el reconocimiento de los derechos culturales de los Pueblos Ind\u00edgenas, la Educaci\u00f3n Intercultural Biling\u00fce y la revitalizaci\u00f3n de las lenguas. Sin embargo a\u00fan falta fortalecer las pr\u00e1cticas.<\/li>\n<li>Ante la vulnerabilidad de las lenguas ind\u00edgenas, urge emprender acciones de revitalizaci\u00f3n ling\u00fcistica, que se acompa\u00f1an necesariamente de la revitalizaci\u00f3n pol\u00edtica. Debemos transitar del reconocimiento jur\u00eddico a pr\u00e1cticas de revitalizacion y fortalecimiento de las lenguas, acompa\u00f1adas de pol\u00edticas p\u00fablicas para la ciudadan\u00eda hablante de las lenguas y con los recursos financieros necesarios para su implementaci\u00f3n. Es necesario mayor inversi\u00f3n en pol\u00edticas p\u00fablicas para la ciudadan\u00eda hablante de lenguas ind\u00edgenas, junto al incremento de actividades autonomistas de la gesti\u00f3n educativa e identitaria.<\/li>\n<li>En tiempos en que se ciernen amenazas sobre la existencia misma de la humanidad, los pueblos ind\u00edgenas aportan como opci\u00f3n el Buen Vivir. Las lenguas ind\u00edgenas guardan los conocimientos de la biodiversidad de los lugares de vida. Por generaciones se han desarrollado sistemas de conocimiento para el uso de los recursos naturales para la alimentaci\u00f3n, salud, vivienda. La lengua y la m\u00fasica son los sonidos del bosque, los r\u00edos, del viento, de los animales. Para los Pueblos Ind\u00edgenas todo est\u00e1 vivo, las lenguas est\u00e1n vivas. Por eso cuando muere una lengua, se extinguen tambi\u00e9n los conocimientos, las historias y las culturas. <\/li>\n<li>La gesti\u00f3n de las lenguas ind\u00edgenas es parte inherente a la gobernanza responsable de los territorios bio culturales y por tanto, tendr\u00e1n que ser tomadas en cuenta en las acciones gubernamentales, no gubernamentales y comunitarias para afrontar los efectos del cambio clim\u00e1tico y la promoci\u00f3n de la agricultura sostenible.<\/li>\n<li>El lugar en que se cuida y se revitalizan las lenguas son las comunidades ind\u00edgenas; en ellas, las lenguas adquieren sus significados m\u00edticos, identitarios, y se reproducen en el seno de las familias en la voz de las mujeres y las personas mayores, que preparan a los miembros de su pueblo para la vida. La revitalizaci\u00f3n ling\u00fc\u00edstica debe articular la educaci\u00f3n propia con la educaci\u00f3n intercultural biling\u00fce; debe armonizar las pol\u00edticas comunitarias con las pol\u00edticas p\u00fablicas de los Estados.<\/li>\n<li>La revitalizaci\u00f3n de las lenguas originarias s\u00f3lo es posible con una gesti\u00f3n integral que parta de las pol\u00edticas comunitarias ind\u00edgenas, basada en los consensos propios para cuidarlas , y que se conviertan en pol\u00edticas p\u00fablicas, con recursos financieros necesarios para su implementaci\u00f3n. En la gesti\u00f3n com\u00fan deben participar las organizaciones ind\u00edgenas, universidades, sistemas educativos oficiales.<\/li>\n<\/ul>\n\n\n\n<div class=\"wp-block-image\"><figure class=\"aligncenter size-large\"><img loading=\"lazy\" decoding=\"async\" width=\"1024\" height=\"576\" src=\"http:\/\/revitalizacion.proeibandes.org\/wp-content\/uploads\/2019\/11\/foto4-1024x576.jpg\" alt=\"\" class=\"wp-image-114\" srcset=\"https:\/\/revitalizacion.proeibandes.org\/wp-content\/uploads\/2019\/11\/foto4-1024x576.jpg 1024w, https:\/\/revitalizacion.proeibandes.org\/wp-content\/uploads\/2019\/11\/foto4-300x169.jpg 300w, https:\/\/revitalizacion.proeibandes.org\/wp-content\/uploads\/2019\/11\/foto4-768x432.jpg 768w, https:\/\/revitalizacion.proeibandes.org\/wp-content\/uploads\/2019\/11\/foto4-1536x864.jpg 1536w, https:\/\/revitalizacion.proeibandes.org\/wp-content\/uploads\/2019\/11\/foto4.jpg 1782w\" sizes=\"(max-width: 1024px) 100vw, 1024px\" \/><\/figure><\/div>\n\n\n\n<h4 class=\"wp-block-heading\">Recomendaciones para el A\u00f1o Internacional de las Lenguas Ind\u00edgenas.<\/h4>\n\n\n\n<ul>\n<li>Instamos a los gobiernos, autoridades ind\u00edgenas y comunidades acad\u00e9micas de Latinoam\u00e9rica a fortalecer las practicas, con confianza mutua, para fortalecer la vitalidad de las lenguas y evitar que otras que est\u00e1n en estado de vulnerabilidad se extingan.<\/li>\n<li>Difundir los nuevos conceptos sobre lengua, cultura y sociedad, derivadas de las experiencias compartidas en el Seminario Internacional de Revitalizaci\u00f3n de las Lenguas Ind\u00edgenas.<\/li>\n<li>Realizar otros seminarios en pa\u00edses con avances significativos en pol\u00edticas y pr\u00e1cticas de revitalizaci\u00f3n ling\u00fc\u00edstica como Bolivia, Per\u00fa, Ecuador, Guatemala, M\u00e9xico.<\/li>\n<li>Articular los esfuerzos de cumplimiento de los ODS a la revitalizaci\u00f3n de los idiomas ind\u00edgenas. Construir indicadores de avance de los mismos que incluyan la revitalizaci\u00f3n ling\u00fc\u00edstica<\/li>\n<li>Ajustar y acelerar las reformas de los sistemas de educaci\u00f3n nacionales para incluir a los idiomas ind\u00edgenas con base en experiencias demostradas.<\/li>\n<li>Apoyar las iniciativas de creaci\u00f3n y desarrollo de medios de comunicaci\u00f3n ind\u00edgenas que ampl\u00eden el uso de los idiomas ind\u00edgenas, especialmente el apoyo pol\u00edtico, legal y financiero de las radios comunitarias.<\/li>\n<li>Favorecer las iniciativas legales que desmantelen los imaginarios que mantienen el racismo y discriminaci\u00f3n hacia los Pueblos Ind\u00edgenas, impulsando propuestas de sana convivencia de los idiomas que se hablan en los pa\u00edses de Am\u00e9rica Latina y el Caribe.<\/li>\n<li>Instamos a los Estados de Am\u00e9rica Latina y el Caribe a adoptar e institucionalizar mecanismos de di\u00e1logo y consenso que coadyuven a una mayor y efectiva participaci\u00f3n de los Pueblos Ind\u00edgenas en la b\u00fasqueda del desarrollo sostenible.<\/li>\n<li>Coordinar con los Estados miembros la realizaci\u00f3n de Seminarios Internacionales que eval\u00faen el avance de la revitalizaci\u00f3n de los idiomas ind\u00edgenas en la regi\u00f3n durante el a\u00f1o 2019.<\/li>\n<li>Invitar al Fondo para el Desarrollo de los Pueblos Ind\u00edgenas de Am\u00e9rica latina y el caribe (FILAC) a desarrollar acciones que apoyen el cumplimiento de los prop\u00f3sitos del A\u00f1o Internacional de la lenguas y aprovechando su posici\u00f3n de Observador Permanente ante la Asamblea General de Naciones Unidas para que presente e impulse el Decenio Internacional de las lenguas ind\u00edgenas en el mundo.<\/li>\n<li>Delegar en el FILAC la responsabilidad de presentar ante el Foro Permanente de las Naciones Unidas para los Pueblos Ind\u00edgenas estas conclusiones.<\/li>\n<\/ul>\n\n\n\n<div class=\"wp-block-image\"><figure class=\"aligncenter size-large\"><img loading=\"lazy\" decoding=\"async\" width=\"1024\" height=\"596\" src=\"http:\/\/revitalizacion.proeibandes.org\/wp-content\/uploads\/2019\/11\/foto5-1024x596.jpg\" alt=\"\" class=\"wp-image-115\" srcset=\"https:\/\/revitalizacion.proeibandes.org\/wp-content\/uploads\/2019\/11\/foto5-1024x596.jpg 1024w, https:\/\/revitalizacion.proeibandes.org\/wp-content\/uploads\/2019\/11\/foto5-300x175.jpg 300w, https:\/\/revitalizacion.proeibandes.org\/wp-content\/uploads\/2019\/11\/foto5-768x447.jpg 768w, https:\/\/revitalizacion.proeibandes.org\/wp-content\/uploads\/2019\/11\/foto5-1536x894.jpg 1536w, https:\/\/revitalizacion.proeibandes.org\/wp-content\/uploads\/2019\/11\/foto5.jpg 1752w\" sizes=\"(max-width: 1024px) 100vw, 1024px\" \/><\/figure><\/div>\n\n\n\n<p aling=\"justify\"> Las personas reunidas en el Seminario internacional: Revitalizaci\u00f3n de las lenguas ind\u00edgenas de Am\u00e9rica Latina y El Caribe realizado en Cochabamba entre el 10 y 11 de octubre de 2018, proponemos a los pa\u00edses de Am\u00e9rica Latina y del Caribe crear un Plan de Acci\u00f3n para la permanencia de todas las lenguas ind\u00edgenas de Am\u00e9rica Latina y el Caribe, y apoyar la aprobaci\u00f3n en la Asamblea General de Naciones Unidas, el Decenio Internacional de las lenguas Indigenas 2020-2030, que considere como base al menos los siguientes aspectos: <\/p>\n\n\n\n<div class=\"wp-block-image\"><figure class=\"aligncenter size-large\"><img loading=\"lazy\" decoding=\"async\" width=\"1024\" height=\"781\" src=\"http:\/\/revitalizacion.proeibandes.org\/wp-content\/uploads\/2019\/11\/foto6-1024x781.jpg\" alt=\"\" class=\"wp-image-116\" srcset=\"https:\/\/revitalizacion.proeibandes.org\/wp-content\/uploads\/2019\/11\/foto6-1024x781.jpg 1024w, https:\/\/revitalizacion.proeibandes.org\/wp-content\/uploads\/2019\/11\/foto6-300x229.jpg 300w, https:\/\/revitalizacion.proeibandes.org\/wp-content\/uploads\/2019\/11\/foto6-768x585.jpg 768w, https:\/\/revitalizacion.proeibandes.org\/wp-content\/uploads\/2019\/11\/foto6-1536x1171.jpg 1536w, https:\/\/revitalizacion.proeibandes.org\/wp-content\/uploads\/2019\/11\/foto6.jpg 1716w\" sizes=\"(max-width: 1024px) 100vw, 1024px\" \/><\/figure><\/div>\n\n\n\n<ul type=\"i\">\n<li>Implementaci\u00f3n de pol\u00edticas p\u00fablicas para la revitalizaci\u00f3n ling\u00fc\u00edstica y cultural<\/li>\n<li>Promoci\u00f3n de la investigaci\u00f3n y normalizaci\u00f3n ling\u00fc\u00edstica<\/li>\n<li>Implementaci\u00f3n de formaci\u00f3n intercultural y biling\u00fce especialmente en \u00e1mbitos de docencia, salud y derechos humanos<\/li>\n<li>Interculturalizaci\u00f3n de la educaci\u00f3n en todos sus niveles<\/li>\n<li>Implementaci\u00f3n de metodolog\u00edas interculturales y biling\u00fces para la participaci\u00f3n comunitaria<\/li>\n<li>Establecimiento de indicadores pertinentes y propios para la revitalizaci\u00f3n de lenguas ind\u00edgenas.<\/li>\n<\/ul>\n\n\n\n<figure class=\"wp-block-image size-large\"><img loading=\"lazy\" decoding=\"async\" width=\"1024\" height=\"690\" src=\"http:\/\/revitalizacion.proeibandes.org\/wp-content\/uploads\/2019\/11\/foto7-1024x690.jpg\" alt=\"\" class=\"wp-image-117\" srcset=\"https:\/\/revitalizacion.proeibandes.org\/wp-content\/uploads\/2019\/11\/foto7-1024x690.jpg 1024w, https:\/\/revitalizacion.proeibandes.org\/wp-content\/uploads\/2019\/11\/foto7-300x202.jpg 300w, https:\/\/revitalizacion.proeibandes.org\/wp-content\/uploads\/2019\/11\/foto7-768x517.jpg 768w, https:\/\/revitalizacion.proeibandes.org\/wp-content\/uploads\/2019\/11\/foto7-1536x1035.jpg 1536w, https:\/\/revitalizacion.proeibandes.org\/wp-content\/uploads\/2019\/11\/foto7.jpg 1728w\" sizes=\"(max-width: 1024px) 100vw, 1024px\" \/><\/figure>\n\n\n\n<p align=\"justify\"> Dado en la ciudad de Cochabamba, Estado Plurinacional de Bolivia a los once d\u00edas del mes de octubre de 2018. <\/p>\n<p align=\"center\"> Es el momento de fortalecer la revitalizaci\u00f3n de las lenguas y las sociedades ind\u00edgenas de Am\u00e9rica Latina y el Caribe <br>\nKunan kanan tiyan Abya Yalap simikunanta ayllukunanchikpaq kawsayninta ima kallpachanapaq (qhichwa) <br>\nAwya Ayala Suyuna, arunakasa jaqinakasampi jakawinaksatpacha chamana\u00f1cha\u00f1a pachaxiwa.(aymara) <br>\nOvae\u00eb ara \u00f1amomir\u00e4ta vaer\u00e4 \u00f1ee reta t\u00ebta \u00f1avo-\u00f1avo (guaran\u00ed)<\/p>\n","protected":false},"excerpt":{"rendered":"<p>\u201cQue las voces y los cantos de los Pueblos Ind\u00edgenas de Abya Yala se escuchen en voz alta\u201d Las y los participantes en el \u201cSeminario Internacional sobre Revitalizaci\u00f3n de lenguas ind\u00edgenas. Buenas pr\u00e1cticas\u201d organizado por iniciativas compartidas entre el PROEIB Andes, el Fondo para el Desarrollo de los Pueblos Ind\u00edgenas de Am\u00e9rica Latina y El &hellip; <\/p>\n<p><a class=\"more-link btn\" href=\"https:\/\/revitalizacion.proeibandes.org\/index.php\/pagina-ejemplo\/conclusiones-y-recomendaciones\/\">Seguir leyendo<\/a><\/p>\n","protected":false},"author":1,"featured_media":0,"parent":2,"menu_order":3,"comment_status":"closed","ping_status":"closed","template":"","meta":{"footnotes":""},"_links":{"self":[{"href":"https:\/\/revitalizacion.proeibandes.org\/index.php\/wp-json\/wp\/v2\/pages\/94"}],"collection":[{"href":"https:\/\/revitalizacion.proeibandes.org\/index.php\/wp-json\/wp\/v2\/pages"}],"about":[{"href":"https:\/\/revitalizacion.proeibandes.org\/index.php\/wp-json\/wp\/v2\/types\/page"}],"author":[{"embeddable":true,"href":"https:\/\/revitalizacion.proeibandes.org\/index.php\/wp-json\/wp\/v2\/users\/1"}],"replies":[{"embeddable":true,"href":"https:\/\/revitalizacion.proeibandes.org\/index.php\/wp-json\/wp\/v2\/comments?post=94"}],"version-history":[{"count":4,"href":"https:\/\/revitalizacion.proeibandes.org\/index.php\/wp-json\/wp\/v2\/pages\/94\/revisions"}],"predecessor-version":[{"id":162,"href":"https:\/\/revitalizacion.proeibandes.org\/index.php\/wp-json\/wp\/v2\/pages\/94\/revisions\/162"}],"up":[{"embeddable":true,"href":"https:\/\/revitalizacion.proeibandes.org\/index.php\/wp-json\/wp\/v2\/pages\/2"}],"wp:attachment":[{"href":"https:\/\/revitalizacion.proeibandes.org\/index.php\/wp-json\/wp\/v2\/media?parent=94"}],"curies":[{"name":"wp","href":"https:\/\/api.w.org\/{rel}","templated":true}]}}