{"id":25,"date":"2019-05-22T17:21:16","date_gmt":"2019-05-22T21:21:16","guid":{"rendered":"http:\/\/revitalizacion.proeibandes.org\/?page_id=25"},"modified":"2019-11-24T13:45:42","modified_gmt":"2019-11-24T17:45:42","slug":"metodologia-del-seminario","status":"publish","type":"page","link":"https:\/\/revitalizacion.proeibandes.org\/index.php\/pagina-ejemplo\/metodologia-del-seminario\/","title":{"rendered":"Metodolog\u00eda del seminario"},"content":{"rendered":"\n<p align=\"justify\">El seminario se desarrollar\u00e1 con base en Conferencias y Paneles de Expertos, para profundizar la reflexi\u00f3n sobre los temas tratados.<\/p>\n\n\n\n<p align=\"justify\">Cada panel, ser\u00e1 moderado por una persona experta en el tema, la que se encargar\u00e1 de conducir el debate y hacer las conclusiones.<\/p>\n\n\n\n<p align=\"justify\">Un equipo de asistencia metodol\u00f3gica sistematizar\u00e1 los resultados, conclusiones, recomendaciones y aprendizajes de los paneles. Este equipo ser\u00e1 el encargado de preparar el documento s\u00edntesis del Seminario.<\/p>\n","protected":false},"excerpt":{"rendered":"<p>El seminario se desarrollar\u00e1 con base en Conferencias y Paneles de Expertos, para profundizar la reflexi\u00f3n sobre los temas tratados. Cada panel, ser\u00e1 moderado por una persona experta en el tema, la que se encargar\u00e1 de conducir el debate y hacer las conclusiones. Un equipo de asistencia metodol\u00f3gica sistematizar\u00e1 los resultados, conclusiones, recomendaciones y aprendizajes &hellip; <\/p>\n<p><a class=\"more-link btn\" href=\"https:\/\/revitalizacion.proeibandes.org\/index.php\/pagina-ejemplo\/metodologia-del-seminario\/\">Seguir leyendo<\/a><\/p>\n","protected":false},"author":1,"featured_media":0,"parent":2,"menu_order":2,"comment_status":"closed","ping_status":"closed","template":"","meta":{"footnotes":""},"_links":{"self":[{"href":"https:\/\/revitalizacion.proeibandes.org\/index.php\/wp-json\/wp\/v2\/pages\/25"}],"collection":[{"href":"https:\/\/revitalizacion.proeibandes.org\/index.php\/wp-json\/wp\/v2\/pages"}],"about":[{"href":"https:\/\/revitalizacion.proeibandes.org\/index.php\/wp-json\/wp\/v2\/types\/page"}],"author":[{"embeddable":true,"href":"https:\/\/revitalizacion.proeibandes.org\/index.php\/wp-json\/wp\/v2\/users\/1"}],"replies":[{"embeddable":true,"href":"https:\/\/revitalizacion.proeibandes.org\/index.php\/wp-json\/wp\/v2\/comments?post=25"}],"version-history":[{"count":2,"href":"https:\/\/revitalizacion.proeibandes.org\/index.php\/wp-json\/wp\/v2\/pages\/25\/revisions"}],"predecessor-version":[{"id":149,"href":"https:\/\/revitalizacion.proeibandes.org\/index.php\/wp-json\/wp\/v2\/pages\/25\/revisions\/149"}],"up":[{"embeddable":true,"href":"https:\/\/revitalizacion.proeibandes.org\/index.php\/wp-json\/wp\/v2\/pages\/2"}],"wp:attachment":[{"href":"https:\/\/revitalizacion.proeibandes.org\/index.php\/wp-json\/wp\/v2\/media?parent=25"}],"curies":[{"name":"wp","href":"https:\/\/api.w.org\/{rel}","templated":true}]}}