{"id":230,"date":"2019-12-03T17:16:10","date_gmt":"2019-12-03T21:16:10","guid":{"rendered":"http:\/\/revitalizacion.proeibandes.org\/?page_id=230"},"modified":"2019-12-03T17:16:12","modified_gmt":"2019-12-03T21:16:12","slug":"jose-tirzo","status":"publish","type":"page","link":"https:\/\/revitalizacion.proeibandes.org\/index.php\/memoria\/paneles\/octavo-panel\/jose-tirzo\/","title":{"rendered":"Jos\u00e9 Tirzo"},"content":{"rendered":"\n<p align=\"justify\"><strong>Maestrante 3\u00b0 versi\u00f3n Maestr\u00eda Socioling\u00fc\u00edstica PROEIB Andes. <\/strong><\/p>\n\n\n\n<p align=\"justify\"> Soy de la regi\u00f3n Totonaca y nosotros estamos pegados al golfo de M\u00e9xico, en el Estado de Veracruz y c\u00f3mo pueden ver en la imagen yo vengo del municipio de Mecatl\u00e1n. Bueno, seg\u00fan la academia veracruzana de las lenguas ind\u00edgenas, la lengua Totonaca es una de las lenguas m\u00e1s habladas en el Estado de Veracruz, donde se hablan 15 lenguas con 31 variantes ling\u00fc\u00edsticas. Entre ellas, la lengua Nahuatl es la m\u00e1s hablada y le sigue la lengua Totonaca que cuenta con 120 mil hablantes. Seg\u00fan la Academia las variantes de la lengua Totonaca son aquellas de la costa, de la sierra y Yecuatla -Misantla donde solo hay \u201crecordantes\u201d de la lengua. En la costa y la sierra hay mayor poblaci\u00f3n y donde se concentran mayormente los hablantes es en la sierra, son 8 municipios tanto en sierra como en costa, en total son 16 municipios. <\/p>\n<p align=\"justify\"> Nosotros tambi\u00e9n tenemos el conflicto de la auto identificaci\u00f3n, pues algunos se autodenominan Tutunacus, habiendo muchas otras formas de autodenominarnos donde no hay un consenso. En el alfabeto se ha logrado concentrar 18 consonantes y 5 vocales, pero hay un conflicto porque hay dos grupos tanto acad\u00e9micos como tambi\u00e9n por cuestiones pol\u00edticas, y hay un conflicto entonces por el uso de la kg y la k\u2019 \/q\/ lo que los ling\u00fcistas llaman el sonido posvelar y por tanto no hay todav\u00eda un acuerdo. Nuestra lengua es aglutinante y carece de g\u00e9nero, proposici\u00f3n y art\u00edculo y la base numeral es vigesimal y al momento de contar tenemos clasificadores numerales, lo que tenga que ver con animales tiene una forma de prefijar, lo que tiene que ver con plantas, con las personas, con las formas de las cosas, su tama\u00f1o, su longitud etc, son m\u00e1s de 40 clasificadores numerales. <\/p>\n<p align=\"justify\"> Hago menci\u00f3n de las instituciones y sus aportes, por ejemplo la Direcci\u00f3n General de Educaci\u00f3n Ind\u00edgena, que a trav\u00e9s de la secretar\u00eda de Educaci\u00f3n P\u00fablica ha hecho libros de nivel b\u00e1sico ya durante varios a\u00f1os. Ellos han contribuido mucho a las normas de escritura. En lo que se refiere al corpus tenemos la aportaci\u00f3n del Instituto Ling\u00fc\u00edstico de Verano (ILV) quienes en el a\u00f1o 1973 realizaron un diccionario Totonaco-espa\u00f1ol. El Instituto Nacional de Lenguas Ind\u00edgenas (INALI) ha realizado juegos de mesa, literatura y tambi\u00e9n ha participado en las normas de escritura, ha impartido cursos, talleres, traducciones y certificaciones para los hablantes eso a nivel nacional. <\/p>\n<p align=\"justify\"> A nivel estatal la Academia Veracruzana de las lenguas ind\u00edgenas tiene una biblioteca virtual en su p\u00e1gina web donde se pueden ver los materiales que se han producido, materiales que est\u00e1n en PDF, por ejemplo el Manual fon\u00e9tico en lengua Totonaca, diccionario, nombres ind\u00edgenas y antolog\u00eda literaria, tambi\u00e9n se han hecho traducciones de la constituci\u00f3n pol\u00edtica del Estado de Veracruz. <\/p>\n<p align=\"justify\"> He colaborado a la Academia desde 2011 hasta 2018, donde hemos realizado la traducci\u00f3n de la constituci\u00f3n pol\u00edtica de los Estados Unidos de M\u00e9xico, hemos elaborado materiales did\u00e1cticos, loter\u00eda, carteles, revista exploradores de letras, se\u00f1al\u00e9ticas en espacios p\u00fablicos, cl\u00ednicas, escuelas en los ayuntamientos, pero tambi\u00e9n en los transportes p\u00fablicos, les hemos llamado \u201cpegotes\u201d que son una barra de texto que se pega en los cristales de los veh\u00edculos, para que el pasajero lo vea y lea la lengua, tambi\u00e9n hemos hecho la certificaci\u00f3n de la lengua Totonaca y hemos participado en las normas de la escritura, as\u00ed mismo hemos realizado audio libros como f\u00e1bulas y el material que nos demand\u00f3 mayor trabajo fue el Manual para la ense\u00f1anza y aprendizaje de la lengua Totonaca. <\/p>\n<p align=\"justify\"> Tambi\u00e9n otra instancia es el Centro de las Artes Ind\u00edgenas que los Totonacos hemos gestionado para su creaci\u00f3n y en el 2012 la UNESCO lo reconoce como de \u201cbuenas pr\u00e1cticas\u201d ah\u00ed se concentran m\u00e1s de 16 casas y escuelas tradicionales contando con un modelo educativo propio, y tambi\u00e9n tenemos la UVI de Espinal que es una Universidad Intercultural que tiene como objetivo la formaci\u00f3n de estudiantes pero tambi\u00e9n promover el uso de la lengua Totonaca. <\/p>\n<p align=\"justify\"> La determinaci\u00f3n de las normas de escritura ha sido una tarea ardua desde 1983 hasta el 2015, participando la Direcci\u00f3n General de Educaci\u00f3n Ind\u00edgena, el INALI, y las universidades interculturales. Pues bueno dentro de la socializaci\u00f3n ha existido la dificultad de quienes no aceptan y el conflicto y estos retos han repercutido en la ense\u00f1anza y la escritura y as\u00ed varias agrupaciones han mostrado esa resistencia. <\/p>\n<p align=\"justify\"> Entre los retos que tenemos es esta ruptura intergeneracional pues aunque tengamos muchos materiales muchos recursos sino aporta la sociedad las instituciones no funcionan. Tambi\u00e9n otro reto es la migraci\u00f3n que es la misma condici\u00f3n de muchos pueblos, ahora con este trabajo de investigaci\u00f3n he regresado a mi comunidad donde mayormente los ni\u00f1os ya no hablan la lengua y le preguntaba al docente \u00bfcu\u00e1ntas horas tienen a la semana de clases? y me dec\u00eda que de las 40 horas totales solo destinan 3 horas a la lengua Totonaca y es una escuela llamada de Educaci\u00f3n Intercultural Biling\u00fce y de tiempo completo y todas las clases inclusive la de lengua Totonaca se da en castellano, a esto se suma el abandono del campo y la migraci\u00f3n a las ciudades donde somos m\u00e1s consumistas y el campo se ha deteriorado en su producci\u00f3n. <\/p>\n","protected":false},"excerpt":{"rendered":"<p>Maestrante 3\u00b0 versi\u00f3n Maestr\u00eda Socioling\u00fc\u00edstica PROEIB Andes. Soy de la regi\u00f3n Totonaca y nosotros estamos pegados al golfo de M\u00e9xico, en el Estado de Veracruz y c\u00f3mo pueden ver en la imagen yo vengo del municipio de Mecatl\u00e1n. Bueno, seg\u00fan la academia veracruzana de las lenguas ind\u00edgenas, la lengua Totonaca es una de las lenguas &hellip; <\/p>\n<p><a class=\"more-link btn\" href=\"https:\/\/revitalizacion.proeibandes.org\/index.php\/memoria\/paneles\/octavo-panel\/jose-tirzo\/\">Seguir leyendo<\/a><\/p>\n","protected":false},"author":1,"featured_media":0,"parent":228,"menu_order":1,"comment_status":"closed","ping_status":"closed","template":"","meta":{"footnotes":""},"_links":{"self":[{"href":"https:\/\/revitalizacion.proeibandes.org\/index.php\/wp-json\/wp\/v2\/pages\/230"}],"collection":[{"href":"https:\/\/revitalizacion.proeibandes.org\/index.php\/wp-json\/wp\/v2\/pages"}],"about":[{"href":"https:\/\/revitalizacion.proeibandes.org\/index.php\/wp-json\/wp\/v2\/types\/page"}],"author":[{"embeddable":true,"href":"https:\/\/revitalizacion.proeibandes.org\/index.php\/wp-json\/wp\/v2\/users\/1"}],"replies":[{"embeddable":true,"href":"https:\/\/revitalizacion.proeibandes.org\/index.php\/wp-json\/wp\/v2\/comments?post=230"}],"version-history":[{"count":1,"href":"https:\/\/revitalizacion.proeibandes.org\/index.php\/wp-json\/wp\/v2\/pages\/230\/revisions"}],"predecessor-version":[{"id":231,"href":"https:\/\/revitalizacion.proeibandes.org\/index.php\/wp-json\/wp\/v2\/pages\/230\/revisions\/231"}],"up":[{"embeddable":true,"href":"https:\/\/revitalizacion.proeibandes.org\/index.php\/wp-json\/wp\/v2\/pages\/228"}],"wp:attachment":[{"href":"https:\/\/revitalizacion.proeibandes.org\/index.php\/wp-json\/wp\/v2\/media?parent=230"}],"curies":[{"name":"wp","href":"https:\/\/api.w.org\/{rel}","templated":true}]}}