{"id":23,"date":"2019-05-22T17:19:13","date_gmt":"2019-05-22T21:19:13","guid":{"rendered":"http:\/\/revitalizacion.proeibandes.org\/?page_id=23"},"modified":"2019-11-24T13:45:26","modified_gmt":"2019-11-24T17:45:26","slug":"objetivos","status":"publish","type":"page","link":"https:\/\/revitalizacion.proeibandes.org\/index.php\/pagina-ejemplo\/objetivos\/","title":{"rendered":"Objetivos"},"content":{"rendered":"\n<h4 class=\"wp-block-heading\">Objetivo general<\/h4>\n\n\n\n<p align=\"justify\">Contribuir a la construcci\u00f3n e impulso de un Plan de Am\u00e9rica Latina y el Caribe para el A\u00f1o Internacional de las Lenguas Indigenas, &nbsp;fundamentado en las buenas pr\u00e1cticas que tienen lugar en la regi\u00f3n para fortalecer las lenguas vitales y revitalizar aqu\u00e9llas que se encuentran en estado de vulnerabilidad en funci\u00f3n de pol\u00edticas p\u00fablicas, revitalizaci\u00f3n ling\u00fc\u00edstica y cultural, investigaci\u00f3n ling\u00fc\u00edstica, formaci\u00f3n docente, normalizaci\u00f3n de lenguas y elaboraci\u00f3n de indicadores propios.<\/p>\n\n\n\n<h4 class=\"wp-block-heading\">Objetivos espec\u00edficos<\/h4>\n\n\n\n<ol><li>Compartir las experiencias relevantes de aplicaci\u00f3n de metodolog\u00edas interculturales para la revitalizaci\u00f3n ling\u00fc\u00edstica y cultural.<\/li><li>Sistematizar los aciertos de las experiencias compartidas como contribuci\u00f3n al fortalecimiento de los emprendimientos comunes latinoamericanos en los temas&nbsp; abordados en los paneles de exposici\u00f3n y en las mesas de di\u00e1logo.<\/li><li>Identificar acciones comunes para enriquecer el Plan de Acci\u00f3n para el A\u00f1o Internacional de las Lenguas Ind\u00edgenas, teniendo como punto de origen una visi\u00f3n latinoamericana enraizada en la visi\u00f3n y pr\u00e1ctica de los Pueblos Ind\u00edgenas para conservar y revitalizar sus lenguas.<\/li><\/ol>\n\n\n\n<p><\/p>\n","protected":false},"excerpt":{"rendered":"<p>Objetivo general Contribuir a la construcci\u00f3n e impulso de un Plan de Am\u00e9rica Latina y el Caribe para el A\u00f1o Internacional de las Lenguas Indigenas, &nbsp;fundamentado en las buenas pr\u00e1cticas que tienen lugar en la regi\u00f3n para fortalecer las lenguas vitales y revitalizar aqu\u00e9llas que se encuentran en estado de vulnerabilidad en funci\u00f3n de pol\u00edticas &hellip; <\/p>\n<p><a class=\"more-link btn\" href=\"https:\/\/revitalizacion.proeibandes.org\/index.php\/pagina-ejemplo\/objetivos\/\">Seguir leyendo<\/a><\/p>\n","protected":false},"author":1,"featured_media":0,"parent":2,"menu_order":1,"comment_status":"closed","ping_status":"closed","template":"","meta":{"footnotes":""},"_links":{"self":[{"href":"https:\/\/revitalizacion.proeibandes.org\/index.php\/wp-json\/wp\/v2\/pages\/23"}],"collection":[{"href":"https:\/\/revitalizacion.proeibandes.org\/index.php\/wp-json\/wp\/v2\/pages"}],"about":[{"href":"https:\/\/revitalizacion.proeibandes.org\/index.php\/wp-json\/wp\/v2\/types\/page"}],"author":[{"embeddable":true,"href":"https:\/\/revitalizacion.proeibandes.org\/index.php\/wp-json\/wp\/v2\/users\/1"}],"replies":[{"embeddable":true,"href":"https:\/\/revitalizacion.proeibandes.org\/index.php\/wp-json\/wp\/v2\/comments?post=23"}],"version-history":[{"count":2,"href":"https:\/\/revitalizacion.proeibandes.org\/index.php\/wp-json\/wp\/v2\/pages\/23\/revisions"}],"predecessor-version":[{"id":148,"href":"https:\/\/revitalizacion.proeibandes.org\/index.php\/wp-json\/wp\/v2\/pages\/23\/revisions\/148"}],"up":[{"embeddable":true,"href":"https:\/\/revitalizacion.proeibandes.org\/index.php\/wp-json\/wp\/v2\/pages\/2"}],"wp:attachment":[{"href":"https:\/\/revitalizacion.proeibandes.org\/index.php\/wp-json\/wp\/v2\/media?parent=23"}],"curies":[{"name":"wp","href":"https:\/\/api.w.org\/{rel}","templated":true}]}}