{"id":198,"date":"2019-11-30T11:10:36","date_gmt":"2019-11-30T15:10:36","guid":{"rendered":"http:\/\/revitalizacion.proeibandes.org\/?page_id=198"},"modified":"2019-11-30T11:11:21","modified_gmt":"2019-11-30T15:11:21","slug":"tercer-panel","status":"publish","type":"page","link":"https:\/\/revitalizacion.proeibandes.org\/index.php\/memoria\/paneles\/tercer-panel\/","title":{"rendered":"Tercer panel"},"content":{"rendered":"\n<p align=\"justify\"><strong> Experiencias de revitalizaci\u00f3n ling\u00fc\u00edstica. <\/srong> <\/p>\n","protected":false},"excerpt":{"rendered":"<p>Experiencias de revitalizaci\u00f3n ling\u00fc\u00edstica.<\/p>\n","protected":false},"author":1,"featured_media":0,"parent":164,"menu_order":3,"comment_status":"closed","ping_status":"closed","template":"","meta":{"footnotes":""},"_links":{"self":[{"href":"https:\/\/revitalizacion.proeibandes.org\/index.php\/wp-json\/wp\/v2\/pages\/198"}],"collection":[{"href":"https:\/\/revitalizacion.proeibandes.org\/index.php\/wp-json\/wp\/v2\/pages"}],"about":[{"href":"https:\/\/revitalizacion.proeibandes.org\/index.php\/wp-json\/wp\/v2\/types\/page"}],"author":[{"embeddable":true,"href":"https:\/\/revitalizacion.proeibandes.org\/index.php\/wp-json\/wp\/v2\/users\/1"}],"replies":[{"embeddable":true,"href":"https:\/\/revitalizacion.proeibandes.org\/index.php\/wp-json\/wp\/v2\/comments?post=198"}],"version-history":[{"count":2,"href":"https:\/\/revitalizacion.proeibandes.org\/index.php\/wp-json\/wp\/v2\/pages\/198\/revisions"}],"predecessor-version":[{"id":200,"href":"https:\/\/revitalizacion.proeibandes.org\/index.php\/wp-json\/wp\/v2\/pages\/198\/revisions\/200"}],"up":[{"embeddable":true,"href":"https:\/\/revitalizacion.proeibandes.org\/index.php\/wp-json\/wp\/v2\/pages\/164"}],"wp:attachment":[{"href":"https:\/\/revitalizacion.proeibandes.org\/index.php\/wp-json\/wp\/v2\/media?parent=198"}],"curies":[{"name":"wp","href":"https:\/\/api.w.org\/{rel}","templated":true}]}}