{"id":184,"date":"2019-11-30T10:34:50","date_gmt":"2019-11-30T14:34:50","guid":{"rendered":"http:\/\/revitalizacion.proeibandes.org\/?page_id=184"},"modified":"2019-11-30T10:38:45","modified_gmt":"2019-11-30T14:38:45","slug":"segundo-panel","status":"publish","type":"page","link":"https:\/\/revitalizacion.proeibandes.org\/index.php\/memoria\/paneles\/segundo-panel\/","title":{"rendered":"Segundo Panel"},"content":{"rendered":"\n<p align=\"justify\"> <strong> Pol\u00edticas educativas y  ling\u00fc\u00edsticas: <\/strong> <\/p>\n<ul>\n <li>Responsabilidad Estatal.<\/li>\n <li>Papel de las organizaciones ind\u00edgenas. <\/li>\n<\/ul>\n","protected":false},"excerpt":{"rendered":"<p>Pol\u00edticas educativas y ling\u00fc\u00edsticas: Responsabilidad Estatal. Papel de las organizaciones ind\u00edgenas.<\/p>\n","protected":false},"author":1,"featured_media":0,"parent":164,"menu_order":2,"comment_status":"closed","ping_status":"closed","template":"","meta":{"footnotes":""},"_links":{"self":[{"href":"https:\/\/revitalizacion.proeibandes.org\/index.php\/wp-json\/wp\/v2\/pages\/184"}],"collection":[{"href":"https:\/\/revitalizacion.proeibandes.org\/index.php\/wp-json\/wp\/v2\/pages"}],"about":[{"href":"https:\/\/revitalizacion.proeibandes.org\/index.php\/wp-json\/wp\/v2\/types\/page"}],"author":[{"embeddable":true,"href":"https:\/\/revitalizacion.proeibandes.org\/index.php\/wp-json\/wp\/v2\/users\/1"}],"replies":[{"embeddable":true,"href":"https:\/\/revitalizacion.proeibandes.org\/index.php\/wp-json\/wp\/v2\/comments?post=184"}],"version-history":[{"count":2,"href":"https:\/\/revitalizacion.proeibandes.org\/index.php\/wp-json\/wp\/v2\/pages\/184\/revisions"}],"predecessor-version":[{"id":188,"href":"https:\/\/revitalizacion.proeibandes.org\/index.php\/wp-json\/wp\/v2\/pages\/184\/revisions\/188"}],"up":[{"embeddable":true,"href":"https:\/\/revitalizacion.proeibandes.org\/index.php\/wp-json\/wp\/v2\/pages\/164"}],"wp:attachment":[{"href":"https:\/\/revitalizacion.proeibandes.org\/index.php\/wp-json\/wp\/v2\/media?parent=184"}],"curies":[{"name":"wp","href":"https:\/\/api.w.org\/{rel}","templated":true}]}}