{"id":168,"date":"2019-11-30T10:12:36","date_gmt":"2019-11-30T14:12:36","guid":{"rendered":"http:\/\/revitalizacion.proeibandes.org\/?page_id=168"},"modified":"2020-01-15T11:03:14","modified_gmt":"2020-01-15T15:03:14","slug":"elias-caurey","status":"publish","type":"page","link":"https:\/\/revitalizacion.proeibandes.org\/index.php\/memoria\/paneles\/primer-panel\/elias-caurey\/","title":{"rendered":"Elias Caurey"},"content":{"rendered":"\n<p align=\"justify\"><strong><em> El\u00edas Caurey (ave nocturna), guaran\u00ed moderno, soci\u00f3logo y escritor, Mgr. en Antropolog\u00eda con especialidad en Revitalizaci\u00f3n Ling\u00fc\u00edstica, Delegado de los pueblos ind\u00edgenas de Am\u00e9rica Latina y el Caribe ante el Comit\u00e9 Directivo de la Organizaci\u00f3n del A\u00f1o Internacional de las Lenguas Ind\u00edgenas de la UNESCO. <\/em><\/strong> <\/p>\n\n\n\n<figure class=\"wp-block-pullquote\"><blockquote><p>\u00abEl gran problema es que muchos no saben c\u00f3mo somos nosotros, no saben qu\u00e9 pensamos, qu\u00e9 sentimos, cu\u00e1les son nuestros sue\u00f1os y nuestras frustraciones, y solamente se dejan guiar por ciertos prejuicios\u201d El\u00edas Caurey (Diaz Arnau, 2018) <\/p><\/blockquote><\/figure>\n\n\n\n<div align=\"center\">\n<iframe loading=\"lazy\" width=\"560\" height=\"315\" src=\"https:\/\/www.youtube.com\/embed\/rW0VX2GDy_E\" frameborder=\"0\" allow=\"accelerometer; autoplay; encrypted-media; gyroscope; picture-in-picture\" allowfullscreen=\"\"><\/iframe>\n<\/div>\n\n\n\n<p align=\"justify\"> Muchas gracias, muy contento de estar ac\u00e1, de poder participar y un agradecimiento a los organizadores, al FILAC, tambi\u00e9n al PROEIB Andes y a cada uno de ustedes. En el idioma guaran\u00ed dec\u00eda que nada es casualidad, estamos aqu\u00ed por algo y bueno la palabra es algo sagrada e importante. En el mundo guaran\u00ed, la palabra es la esencia del ser y por eso quiero comenzar mi ponencia leyendo un fragmento de Le\u00f3n Cadogan, conocido antrop\u00f3logo paraguayo, que rescat\u00f3 unos textos de los Guaran\u00ed que hablan sobre el lenguaje, el idioma, el lenguaje humano y dice as\u00ed: <\/p>\n\n\n\n<p align=\"center\"> <em> El verdadero Padre \u00d1amand\u00fa, el Primero, \nde una peque\u00f1a porci\u00f3n de su propia divinidad, \nde la sabidur\u00eda contenida en su propia divinidad \ny en virtud de su sabidur\u00eda creadora \nhizo que se engendrasen llamas y tenue neblina. <br>\n\nHabi\u00e9ndose erguido (asumido la forma humana),\nde la sabidur\u00eda contenida en su propia divinidad,\ny en virtud de su sabidur\u00eda creadora, \nconcibi\u00f3 el origen del lenguaje humano. \nDe la sabidur\u00eda contenida en su propia divinidad, \ny en virtud de su sabidur\u00eda creadora \ncre\u00f3 nuestro Padre el fundamento del lenguaje humano\ne hizo que formara parte de su propia divinidad. <br>\nAntes de existir la tierra, \nen medio de las tinieblas primigenias, \nantes de tenerse conocimiento de las cosas, \ncre\u00f3 aquello que ser\u00eda el fundamento del lenguaje humano\ne hizo el verdadero Primer Padre \u00d1amand\u00fa \nque formara parte de su propia divinidad. (Poes\u00eda m\u00edtica guaran\u00ed, s.f.) <\/em><\/p>\n\n\n\n<p align=\"justify\"> Hablar del idioma es hablar de la existencia, de la vida y as\u00ed se entiende desde el mundo Guaran\u00ed y desde muchos pueblos ind\u00edgenas. Lo que nos convoca ac\u00e1 es algo muy especial, pues todos los que estamos aqu\u00ed tenemos el privilegio de hablar de este tema, del idioma. \nPasar\u00e9 a hablar en calidad de Delegado de los Pueblos Ind\u00edgenas de Am\u00e9rica Latina ante el Comit\u00e9 Directivo de la Organizaci\u00f3n del A\u00f1o Internacional de las Lenguas Ind\u00edgenas de la UNESCO. Un primer elemento que quiero compartir es que este hecho se da justamente con la resoluci\u00f3n de la Asamblea General de la ONU que habla sobre los derechos de los pueblos ind\u00edgenas, me refiero a la resoluci\u00f3n 71\/178 (2016) que proclama el A\u00f1o Internacional de las Lenguas Ind\u00edgenas para 2019, con el objetivo de crear conciencia sobre la importancia de las lenguas ind\u00edgenas para el desarrollo social y alentar a todos los interesados a adoptar medidas concretas para conservar, promover y revitalizar las lenguas ind\u00edgenas en todo el mundo. <\/p>\n<p align=\"justify\"> Esta resoluci\u00f3n fue impulsada por Bolivia y Ecuador en el marco del trabajo de la tercera comisi\u00f3n de la Asamblea General de la ONU, considerando las recomendaciones del Foro Permanente de Cuestiones Ind\u00edgenas. Entonces, tenemos que sentirnos muy orgullosos como bolivianos de estas gestiones y aqu\u00ed junto al hermano de Ecuador y otros amigos de otros pa\u00edses que hemos logrado esta resoluci\u00f3n, al a\u00f1o 2019 estaremos celebrando el a\u00f1o internacional de las lenguas ind\u00edgenas. <\/p>\n<p align=\"justify\"> Para que esto se organice y funcione, la ONU ha encargado a la UNESCO (Organizaci\u00f3n de las Naciones Unidas para la Educaci\u00f3n, la Ciencia y la Cultura) la organizaci\u00f3n y coordinaci\u00f3n de las actividades en colaboraci\u00f3n con otros \u00f3rganos, como FILAC, por ejemplo. Con ello se conform\u00f3 un Comit\u00e9 Directivo constituido por 18 miembros, est\u00e1n los miembros que representan a los Estados, que en esta ocasi\u00f3n son 6: Australia por Ocean\u00eda, Ecuador por Latinoam\u00e9rica y El Caribe, Estonia, Francia, Gambia y Arabia Saudita y 7 representantes de l\u00edderes de pueblos e instituciones ind\u00edgenas de las siete regiones socioculturales del mundo. En Am\u00e9rica Latina y El Caribe nosotros tenemos la representaci\u00f3n. Tambi\u00e9n hay 3 miembros designados al Foro Permanente de las Cuestiones Ind\u00edgenas de la ONU, al Mecanismo de Expertos sobre los Derechos de los Pueblos Ind\u00edgenas y el Relator Especial de Pueblos Ind\u00edgenas. Tambi\u00e9n hay 2 representantes de UNESCO. En total son 18. Por tanto, este es el Comit\u00e9 Directivo que est\u00e1 organizando y coordinando las actividades en el marco del A\u00f1o Internacional de las Lenguas Ind\u00edgenas. <\/p>\n<p align=\"justify\"> Una de las primeras iniciativas de este comit\u00e9 es que se ha comenzado a organizar un Plan de Acci\u00f3n que gu\u00ede el trabajo para promocionar las lenguas ind\u00edgenas alrededor del mundo durante el 2019, el documento lo pueden descargar de la siguiente direcci\u00f3n: https:\/\/undocs.org\/es\/E\/C.19\/2018\/8. <\/p>\n<p align=\"justify\"> Tambi\u00e9n se ha creado una p\u00e1gina web exclusivamente para difundir todo lo que estamos haciendo en torno al tema (http:\/\/en.iyil2019.org ), por ejemplo se pueden subir ah\u00ed las conclusiones de este mismo evento. Como Bolivia estamos presentes a trav\u00e9s del Ministerio de Educaci\u00f3n en este Plan de Acci\u00f3n. <\/p>\n<p align=\"justify\"> En cuanto a las recomendaciones y desaf\u00edos nosotros como Comit\u00e9 Directivo estamos planteando consolidar una propuesta de Am\u00e9rica Latina y El Caribe para el A\u00f1o Internacional de las Lenguas Ind\u00edgenas. Se tiene pensado realizar un Encuentro global y no hay a\u00fan una sede, de momento el candidato es Australia, tambi\u00e9n el Ministerio de Educaci\u00f3n ha manifestado que Bolivia sea la sede. La idea es llevar una propuesta y consolidar la visi\u00f3n de los pueblos ind\u00edgenas del sur, M\u00e9xico estaba proponiendo un Encuentro regional de Am\u00e9rica Latina y el Caribe para trabajar las propuestas de la regi\u00f3n y llevarlas a este encuentro mundial y donde podamos realizar un documento que pueda ser le\u00eddo ante todos los presidentes del mundo. <\/p>\n<p align=\"justify\"> Otra de las recomendaciones que hacemos como Comit\u00e9 es el establecimiento de comisiones nacionales para la celebraci\u00f3n del A\u00f1o Internacional de las Lenguas Ind\u00edgenas. Entiendo que en Ecuador ya hay un comit\u00e9 que se form\u00f3 hace 4 meses. Ac\u00e1 en Bolivia a\u00fan no lo hemos conformado. Despu\u00e9s se propone hacer un comit\u00e9 a nivel de Am\u00e9rica Latina y El Caribe. Entonces, todas estas propuestas tendr\u00e1n que salir de ac\u00e1 para que podamos consensuarlas discutirlas y ponerlas en un documento final.\nOtra de las recomendaciones es trabajar estrategias para fortalecer la interculturalidad que contribuya a combatir la discriminaci\u00f3n ling\u00fc\u00edstica y cultural. Con esto nos referimos a la creaci\u00f3n y aplicaci\u00f3n de normas para que las lenguas ind\u00edgenas vayan teniendo m\u00e1s fuerza. Aqu\u00ed se me ocurre, por ejemplo, trabajar en el marco de la Ley 269, para declarar el D\u00eda nacional de las lenguas ind\u00edgenas en Bolivia. Tenemos el 21 de febrero, pero es a nivel internacional. A nivel Bolivia nos hace falta una norma. En el encuentro con el presidente este viernes (2018.10.12) ser\u00eda ideal presentarle esta propuesta y tener un D\u00eda para las lenguas ind\u00edgenas en el Estado Plurinacional. <\/p>\n<p align=\"justify\"> Otra recomendaci\u00f3n que se propone es establecer mecanismos de seguimiento y cooperaci\u00f3n regional para que esto no tan solo se quede aqu\u00ed, en eventos por aqu\u00ed y por all\u00e1 sino crear mecanismos de coordinaci\u00f3n pues los pueblos ind\u00edgenas estamos en una lucha de todos los d\u00edas. <\/p>\n<p align=\"justify\"> Otra de las recomendaciones que hacemos tiene que ver con el fortalecimiento de las lenguas ind\u00edgenas en el \u00e1mbito virtual de ciberespacio, pues creo que en estos tiempos son espacios muy importantes y que hay que trabajar y fomentar. Hoy los j\u00f3venes y los ni\u00f1os est\u00e1n metidos en el ciberespacio, entonces hay que aprovechar esos espacios para promocionar y hacer que nuestros idiomas cobren ese estatus. <\/p>\n<p align=\"justify\"> Otra de las recomendaciones es celebrar encuentros y consultas regionales como este encuentro por ejemplo donde sus conclusiones podemos irlas consolidando y llevarlas a este encuentro regional que les hablaba.<\/p>\n<p align=\"justify\"> En cuanto a propuestas para ir cerrando mi intervenci\u00f3n pensamos que no solo habr\u00e1 que declarar el A\u00f1o Internacional de las Lenguas Ind\u00edgenas sino declarar la D\u00e9cada de las Lenguas Ind\u00edgenas, porque un a\u00f1o est\u00e1 ah\u00ed y despu\u00e9s queda en el olvido. Una d\u00e9cada nos permitir\u00eda trabajar en fases por procesos y eso nos dar\u00eda la posibilidad de trabajar en una l\u00ednea m\u00e1s contundente y planificada y bueno hay que trabajar mucho para que los Estados destinen recursos para la revitalizaci\u00f3n de los idiomas. <\/p>\n<p align=\"justify\"> Otra propuesta es establecer presupuestos para salvaguardar y fortalecer las lenguas ind\u00edgenas, en ese sentido como se hace en Paraguay necesitamos hacer cursos de formaci\u00f3n de traductores especializados. <\/p>\n<p align=\"justify\"> <strong>Yasoropay\u2026!!<\/strong><\/p>\n","protected":false},"excerpt":{"rendered":"<p>El\u00edas Caurey (ave nocturna), guaran\u00ed moderno, soci\u00f3logo y escritor, Mgr. en Antropolog\u00eda con especialidad en Revitalizaci\u00f3n Ling\u00fc\u00edstica, Delegado de los pueblos ind\u00edgenas de Am\u00e9rica Latina y el Caribe ante el Comit\u00e9 Directivo de la Organizaci\u00f3n del A\u00f1o Internacional de las Lenguas Ind\u00edgenas de la UNESCO. \u00abEl gran problema es que muchos no saben c\u00f3mo somos &hellip; <\/p>\n<p><a class=\"more-link btn\" href=\"https:\/\/revitalizacion.proeibandes.org\/index.php\/memoria\/paneles\/primer-panel\/elias-caurey\/\">Seguir leyendo<\/a><\/p>\n","protected":false},"author":1,"featured_media":0,"parent":166,"menu_order":0,"comment_status":"closed","ping_status":"closed","template":"","meta":{"footnotes":""},"_links":{"self":[{"href":"https:\/\/revitalizacion.proeibandes.org\/index.php\/wp-json\/wp\/v2\/pages\/168"}],"collection":[{"href":"https:\/\/revitalizacion.proeibandes.org\/index.php\/wp-json\/wp\/v2\/pages"}],"about":[{"href":"https:\/\/revitalizacion.proeibandes.org\/index.php\/wp-json\/wp\/v2\/types\/page"}],"author":[{"embeddable":true,"href":"https:\/\/revitalizacion.proeibandes.org\/index.php\/wp-json\/wp\/v2\/users\/1"}],"replies":[{"embeddable":true,"href":"https:\/\/revitalizacion.proeibandes.org\/index.php\/wp-json\/wp\/v2\/comments?post=168"}],"version-history":[{"count":11,"href":"https:\/\/revitalizacion.proeibandes.org\/index.php\/wp-json\/wp\/v2\/pages\/168\/revisions"}],"predecessor-version":[{"id":318,"href":"https:\/\/revitalizacion.proeibandes.org\/index.php\/wp-json\/wp\/v2\/pages\/168\/revisions\/318"}],"up":[{"embeddable":true,"href":"https:\/\/revitalizacion.proeibandes.org\/index.php\/wp-json\/wp\/v2\/pages\/166"}],"wp:attachment":[{"href":"https:\/\/revitalizacion.proeibandes.org\/index.php\/wp-json\/wp\/v2\/media?parent=168"}],"curies":[{"name":"wp","href":"https:\/\/api.w.org\/{rel}","templated":true}]}}