{"id":137,"date":"2019-11-24T13:06:55","date_gmt":"2019-11-24T17:06:55","guid":{"rendered":"http:\/\/revitalizacion.proeibandes.org\/?page_id=137"},"modified":"2019-11-24T14:06:45","modified_gmt":"2019-11-24T18:06:45","slug":"tzotzil","status":"publish","type":"page","link":"https:\/\/revitalizacion.proeibandes.org\/index.php\/memoria\/resumen\/tzotzil\/","title":{"rendered":"Tzotzil"},"content":{"rendered":"\n<p align=\"justify\"> <strong> Yalobil sk\u2019oplal <\/strong><\/p>\n<p align=\"justify\"> Ti yak\u2019el ya na\u2019el ta sjabilal vaklajuneb jo\u2019vok\u2019 (2016) yu\u2019un ta stsobojel ti smuk\u2019ul yomlej osiletik (ONU) ta sjabilal balunlajuneb jo\u2019vok\u2019 (2019) ja\u2019 sjabilal ta svolol balumil ti bats\u2019i k\u2019opetik, ja\u2019 yu\u2019un jech ik\u2019ot ta pasel ti Muk\u2019ul tsobojel yu\u2019un xcha\u2019kuxesel sk\u2019op lumetik ta yosil jtot jme\u2019tik: Lekil nopbenetik. <\/p>\n<p align=\"justify\"> Ja\u2019 yu\u2019un te slajunebal, sbuluchibal sk\u2019ak\u2019alil ti yuilal schanibal vinkil ta sjabilal vaxakib jo\u2019vok\u2019 (2018) la syomsbaik ta yosilal Cochabamba (Kollasuyu, Bolivia) yomlej yu\u2019un jteklumetik, jchanubtasvanejetik, jts\u2019ibajometik xchi\u2019uk chanob junetik ta yosilal jtot jme\u2019tik, ti yakalik talel ta abtel ta yipal yu\u2019un stukik ta xkuxeseltalel te sk\u2019op jtot jme\u2019tik ta svolol balumil. <\/p>\n<p align=\"justify\"> Ti tsobojel li\u2019i ja\u2019 la spas ti oy ta stojol ti slekil skuxlejal ti yosilal jtot jme\u2019tik (FILAC) xchi\u2019uk ti abtelil yu\u2019un xchapanel chanubtasbanej epal kuxlejaletik ta k\u2019opetik yu\u2019un jchi\u2019iltaktik ta Andes (PROEIB Andes), schi\u2019uk ajvaliletik yu\u2019un xchanjun ta yantik osiltik, ajvalil yu\u2019un lekil kuxlejaletik ta Bolivia xchi\u2019uk ti stsoblej lumetik yu\u2019un chanjun, p\u2019ijilal xchi\u2019uk taleliletik (OEI). <\/p>\n<p align=\"justify\"> Ta skoj ti lekil a\u2019yejetik la yak\u2019ik te jchi\u2019iltaktik talemik ta M\u00e9xico, Guatemala, Nicaragua, Ecuador, Per\u00fa, Brasil, Bolivia, Chile y Argentina, ya yich\u2019 nopel k\u2019usba yakal ta pasel ti abtel yu\u2019un ti ajvaliletike yu\u2019un ti xkuxesel ti k\u2019opetike xchi\u2019uk ti taleliletik ta jlumaltike, ja\u2019 yu\u2019un ik\u2019ot ta nopel ta skotolik ti toj ep sk\u2019oplal ti sk\u2019op jtot jme\u2019tik ta balumile yu\u2019un ja\u2019 yich\u2019oj ti sp\u2019ijilal lumetike, nopbenetik, xchi\u2019uk vo\u2019nejal p\u2019ijilaletik ja\u2019 no\u2019ox jech\u2019 k\u2019ucha\u2019al yantik vok\u2019 ta a\u2019iel, ta nopel, xchi\u2019uk ta spasel ti sk\u2019oponel jme\u2019tik balumile. <\/p>\n<p align=\"justify\"> K\u2019alal ilaj ti abtel li\u2019i, ik\u2019ot ta nopel lekil abteletik yu\u2019un xkuxesel li sk\u2019op jtot jme\u2019tik ta balumile, ta abteletik li\u2019i: Nopbenetik ta snail nopjun xchi\u2019uk sko\u2019oltajesel ts\u2019ibetik, nopbenetik ta epal kuxlejaletik ti ta chanobjunetike, nopbenetik ta stsatsubtesel kibeltik xchi\u2019uk jk\u2019optik ti ta yach\u2019il abtejebaletik ta xanav ta toketik (TICs) xchi\u2019uk ti xchapanel jchanubtasbanejetik, ja\u2019 no\u2019ox jech k\u2019ucha\u2019al ti abteletik ta chanobjunetik ti ta yabtelal kaj ta kaj ti ta xkuxesel talelil xchi\u2019uk k\u2019opetike. <\/p>\n<p align=\"justify\"> <em>Edgardo El\u00ed D\u00edaz G\u00f3mez.<\/em><\/p>\n<p align=\"justify\"> <strong>UNMSM<\/strong>\tUniversidad Nacional Mayor de San Marcos <\/p>\n","protected":false},"excerpt":{"rendered":"<p>Yalobil sk\u2019oplal Ti yak\u2019el ya na\u2019el ta sjabilal vaklajuneb jo\u2019vok\u2019 (2016) yu\u2019un ta stsobojel ti smuk\u2019ul yomlej osiletik (ONU) ta sjabilal balunlajuneb jo\u2019vok\u2019 (2019) ja\u2019 sjabilal ta svolol balumil ti bats\u2019i k\u2019opetik, ja\u2019 yu\u2019un jech ik\u2019ot ta pasel ti Muk\u2019ul tsobojel yu\u2019un xcha\u2019kuxesel sk\u2019op lumetik ta yosil jtot jme\u2019tik: Lekil nopbenetik. Ja\u2019 yu\u2019un te slajunebal, &hellip; <\/p>\n<p><a class=\"more-link btn\" href=\"https:\/\/revitalizacion.proeibandes.org\/index.php\/memoria\/resumen\/tzotzil\/\">Seguir leyendo<\/a><\/p>\n","protected":false},"author":1,"featured_media":0,"parent":156,"menu_order":9,"comment_status":"closed","ping_status":"closed","template":"","meta":{"footnotes":""},"_links":{"self":[{"href":"https:\/\/revitalizacion.proeibandes.org\/index.php\/wp-json\/wp\/v2\/pages\/137"}],"collection":[{"href":"https:\/\/revitalizacion.proeibandes.org\/index.php\/wp-json\/wp\/v2\/pages"}],"about":[{"href":"https:\/\/revitalizacion.proeibandes.org\/index.php\/wp-json\/wp\/v2\/types\/page"}],"author":[{"embeddable":true,"href":"https:\/\/revitalizacion.proeibandes.org\/index.php\/wp-json\/wp\/v2\/users\/1"}],"replies":[{"embeddable":true,"href":"https:\/\/revitalizacion.proeibandes.org\/index.php\/wp-json\/wp\/v2\/comments?post=137"}],"version-history":[{"count":1,"href":"https:\/\/revitalizacion.proeibandes.org\/index.php\/wp-json\/wp\/v2\/pages\/137\/revisions"}],"predecessor-version":[{"id":138,"href":"https:\/\/revitalizacion.proeibandes.org\/index.php\/wp-json\/wp\/v2\/pages\/137\/revisions\/138"}],"up":[{"embeddable":true,"href":"https:\/\/revitalizacion.proeibandes.org\/index.php\/wp-json\/wp\/v2\/pages\/156"}],"wp:attachment":[{"href":"https:\/\/revitalizacion.proeibandes.org\/index.php\/wp-json\/wp\/v2\/media?parent=137"}],"curies":[{"name":"wp","href":"https:\/\/api.w.org\/{rel}","templated":true}]}}