{"id":133,"date":"2019-11-24T12:59:11","date_gmt":"2019-11-24T16:59:11","guid":{"rendered":"http:\/\/revitalizacion.proeibandes.org\/?page_id=133"},"modified":"2019-11-24T14:05:04","modified_gmt":"2019-11-24T18:05:04","slug":"totonaco","status":"publish","type":"page","link":"https:\/\/revitalizacion.proeibandes.org\/index.php\/memoria\/resumen\/totonaco\/","title":{"rendered":"Totonaco"},"content":{"rendered":"\n<p align=\"justify\"> <strong> Xalilakchiwin <\/strong><\/p> \n<p align=\"justify\"> Tu lilakaxlakgonit nak 2016 amakgolh Xlikalanka Xtamakgstokgotkan Laklanka Kachikinin tu Akxtum Talanit, pi ama 2019 wa Xlikalanka Xkatakan amakgolh Xalakgmakgan Tachiwin, wa uma xlakata likgantaxtulh ama taskujut tu litapakuwi Xlikalanka Tamakxtumit tu Limalakgastakwanikan Xalakgmakgan Tachiwin nak Am\u00e9rica Latina: Xalakwan Takatsin. <\/p>\n<p align=\"justify\"> Lata xkgalhkaw chu xkgalhakawitu octubre xla 2018 tatamakxtumikgolh nak Cochabamba (Kollasuyu, Bolivia) amakgolh xalakgmakgan kachikinin tu akxtum talamana, makgalhtokgenanin, putsananin chu pukgalhtawakga xalak Abya Yala ti sakstukan taliskujmana laki ninalakgsputa xalakgmakgan tachiwin. <\/p>\n<p align=\"justify\"> Uma lanka Tamakxtumit wa tamakgantaxtilh ama Fondo para el Desarrollo de los Pueblos Ind\u00edgenas de Am\u00e9rica Latina y el Caribe (FILAC) chu ama Programa de Formaci\u00f3n en Educaci\u00f3n Intercultural Biling\u00fce para Pa\u00edses Andinos (PROEIB Andes), nachuna ama Ministerio de Educaci\u00f3n chu Ministerio de Relaciones Exteriores, Viceministerio de Interculturalidad xalak Bolivia chu Organizaci\u00f3n de Estados Iberoamericanos para la Educaci\u00f3n, la Ciencia y la Cultura (OEI). <\/p>\n<p align=\"justify\"> Talichiwinalh xtaskujutkan ama M\u00e9xico, Guatemala, Nicaragua, Ecuador, Per\u00fa, Brasil, Bolivia, Chile chu Argentina ti palakatekgolh xalakgmakgan xpulatamankan lama Tutunaku, Mazahua, Mazateco, Chinanteco, Tsotsil, N\u00e1huatl, P\u2019urh\u00e9pecha, Paunaca, Aymara, Quechua, Guaran\u00ed, Mapuzugun, Maya, Shipibo chu Qom, chuna pulh lilakchiwinanka Xalilakgachixkuwin tu lakgatum limastakwanikan tachiwin chu tasmanin tu anankgo nak xlikalanka, nachuna lichiwinanka pi xlakaskinka amakgolh xalakgmakgan tachiwin xlakata anta anankgoy xalakgmakgan takatsin, tapuwan, chu tipalhuwa tu tamakglhkatsiy, tu lilakapastaknankan chu lilatamakan lata xlakgasi latamananin chu katuxawat. <\/p>\n<p align=\"justify\"> Alistalh kalichiwinanka taskujut tu kalimastakwanikan xalakgmakgan tachiwin, umakgolh taskujut chune kilikgantaxukgoy: Xtaskujutkan pukgalhtawakga nak xtaputsankan chu lata lilakaxlakan laku katsokgkan tachiwin, taskujut tu akxtum limakgantaxtikan takgalhtawakga, taskujut tu limatliwekglhkan tachiwin chu tu litalakgapaskan akan kalitamaklakaskinkan tipalhuwa pumakatsinin TICS chu laku kamasinikan makgalhtokgenanin, nachuna tu xtaliteykan makgalhtokgenanin akan kaliskujkan chu kamuxkanikan tasmanin chu tachiwin. <\/p>\n<p align=\"justify\"> <em>Jos\u00e9 L\u00f3pez Tirzo<\/em><\/p>\n","protected":false},"excerpt":{"rendered":"<p>Xalilakchiwin Tu lilakaxlakgonit nak 2016 amakgolh Xlikalanka Xtamakgstokgotkan Laklanka Kachikinin tu Akxtum Talanit, pi ama 2019 wa Xlikalanka Xkatakan amakgolh Xalakgmakgan Tachiwin, wa uma xlakata likgantaxtulh ama taskujut tu litapakuwi Xlikalanka Tamakxtumit tu Limalakgastakwanikan Xalakgmakgan Tachiwin nak Am\u00e9rica Latina: Xalakwan Takatsin. Lata xkgalhkaw chu xkgalhakawitu octubre xla 2018 tatamakxtumikgolh nak Cochabamba (Kollasuyu, Bolivia) amakgolh xalakgmakgan &hellip; <\/p>\n<p><a class=\"more-link btn\" href=\"https:\/\/revitalizacion.proeibandes.org\/index.php\/memoria\/resumen\/totonaco\/\">Seguir leyendo<\/a><\/p>\n","protected":false},"author":1,"featured_media":0,"parent":156,"menu_order":7,"comment_status":"closed","ping_status":"closed","template":"","meta":{"footnotes":""},"_links":{"self":[{"href":"https:\/\/revitalizacion.proeibandes.org\/index.php\/wp-json\/wp\/v2\/pages\/133"}],"collection":[{"href":"https:\/\/revitalizacion.proeibandes.org\/index.php\/wp-json\/wp\/v2\/pages"}],"about":[{"href":"https:\/\/revitalizacion.proeibandes.org\/index.php\/wp-json\/wp\/v2\/types\/page"}],"author":[{"embeddable":true,"href":"https:\/\/revitalizacion.proeibandes.org\/index.php\/wp-json\/wp\/v2\/users\/1"}],"replies":[{"embeddable":true,"href":"https:\/\/revitalizacion.proeibandes.org\/index.php\/wp-json\/wp\/v2\/comments?post=133"}],"version-history":[{"count":2,"href":"https:\/\/revitalizacion.proeibandes.org\/index.php\/wp-json\/wp\/v2\/pages\/133\/revisions"}],"predecessor-version":[{"id":158,"href":"https:\/\/revitalizacion.proeibandes.org\/index.php\/wp-json\/wp\/v2\/pages\/133\/revisions\/158"}],"up":[{"embeddable":true,"href":"https:\/\/revitalizacion.proeibandes.org\/index.php\/wp-json\/wp\/v2\/pages\/156"}],"wp:attachment":[{"href":"https:\/\/revitalizacion.proeibandes.org\/index.php\/wp-json\/wp\/v2\/media?parent=133"}],"curies":[{"name":"wp","href":"https:\/\/api.w.org\/{rel}","templated":true}]}}