{"id":131,"date":"2019-11-24T12:55:21","date_gmt":"2019-11-24T16:55:21","guid":{"rendered":"http:\/\/revitalizacion.proeibandes.org\/?page_id=131"},"modified":"2019-11-24T14:04:30","modified_gmt":"2019-11-24T18:04:30","slug":"mazahua","status":"publish","type":"page","link":"https:\/\/revitalizacion.proeibandes.org\/index.php\/memoria\/resumen\/mazahua\/","title":{"rendered":"Mazahua"},"content":{"rendered":"\n<p align=\"justify\"> O mb\u00e4s\u2019\u00e4 e pa\u2019a ne kj\u00eb\u00eb yedyedyete dyech\u2019a \u00f1anto (2016) nu Asamblea General de Naciones Unidas ne kj\u00eb\u00eb 2019 k\u2019a ro mbezhi in tsj\u00eb\u00eb nrenxe ye j\u00f1a\u2019a yo xi \u00f1aji kja j\u00f1i\u00f1i, ngejnu o mb\u00ebpiji nu Seminario Internacional Revitalizaci\u00f3n de Lenguas Ind\u00edgenas en Am\u00e9rica Latina: Buenas Experiencias. <\/p>\n<p align=\"justify\"> K\u2019e pa\u2019a dyech\u2019a \u00f1e dyech\u2019a naja ne zana dyech\u2019a ne kj\u00eb\u2019\u00eb yedyedyete dyech\u2019a j\u00f1inzho (2018), o jmur\u00fcji kja taj\u00f1i\u00f1i a Cochabamba (Kollasuyu, Bolivia) e munro ntee yo \u00f1a\u0331pa\u0331 n\u2019a\u00f1o in j\u00f1a\u2019a ye j\u00f1i\u00f1itrjo, ye x\u00f6p\u00fcte, yo jod\u2019\u00fc d\u2019adyo m\u2019a\u0331ra\u0331 \u00f1e ngunarkate a Abya Yala yo aba p\u00ebpji kja in xiskuajmaji k\u2019a o mb\u00e4sji k\u2019a ne jyod\u2019\u00fc ra zechiji ye j\u00f1a\u2019a yo \u00f1aji nrenxe ye j\u00f1i\u00f1i yo a gi ts\u2019ik\u00ebtrjo in teji kjayo j\u00f1i\u00f1i yo xi \u00f1atrjo n\u2019a\u00f1o j\u00f1a\u2019a. <\/p>\n<p align=\"justify\"> Nu me ne jyod\u2019\u00fc Seminario o mapj\u00fc nu Fondo para el Desarrollo de los Pueblos Ind\u00edgenas de Am\u00e9rica Latina y el Caribe (FILAC) ko nu Programa de Formaci\u00f3n en Educaci\u00f3n Intercultural Biling\u00fce para Pa\u00edses Andinos (PROEIB Andes), \u00f1e nre o e\u0331je\u0331 nu Ministerio de Educaci\u00f3n, el Ministerio de Relaciones Exteriores, nu Viceministerio de Interculturalidad de Bolivia y la Organizaci\u00f3n de Estados Iberoamericanos para la Educaci\u00f3n, la Ciencia y la Cultura (OEI). <\/p>\n<p align=\"justify\"> Ko e j\u00f1aa a B\u2019onro, Guatemala, Nicaragua, Ecuador, Per\u00fa, Brasil, Bolivia, Chile \u00f1e Argentina, o nuji jango ga kja\u2019a ye j\u00f1aa yo kis\u2019i kja in Tjur\u00fc ye chaj\u00f1i\u00f1i yo zechi nrenxe ye j\u00f1a\u2019a \u00f1e ye j\u00f1i\u00f1i kja nu kontinente \u00f1e o mamaji k\u2019a me ne jyid\u2019\u00fc ye j\u00f1a\u2019a yo \u00f1aji nrenxeba kja xo\u00f1ijom\u00fc k\u2019a p\u00ebs\u2019ijyo e m&#8217;a\u0331ra\u0331, yo pa\u0331ra\u0331ji \u00f1e pj\u00ebchiji nreze ye tsj\u00eb\u00eb yo a mezhe o kjog\u00fc \u00f1e n\u2019a\u00f1o ga sentiboji, ga mbe\u00f1eji \u00f1e ga mimiji ko yo dyaja nte\u2019e \u00f1e ko nu xo\u00f1ijom\u00fc. <\/p>\n<p align=\"justify\"> Ma o nguar\u00fcji o nuji jango ga kja ye j\u00f1a\u2019a kja un tjur\u00fc o mamaji jango ga p\u00ebpjiji pa ra zechiji ye j\u00f1a\u2019a yo \u00f1aji kja yo n\u2019a\u00f1o ts\u2019ij\u00f1i\u00f1i kja ye b\u2019\u00ebpjijya: in m\u2019\u00ebpji ye ngunarkate yo jod\u2019\u00fc k\u2019o dya m&#8217;a\u0331ra\u0331 \u00f1e jango rga dy\u00fcs\u2019\u00fcji ye j\u00f1a\u2019a, in m\u2019\u00ebpjiji jango ga nga\u0331ra\u0331ji ko ye sjor\u00fc xorte, b\u2019\u00ebpji jango ga zechiji in teji \u00f1e in j\u00f1aji ko ye ch\u2019ezi yo ne x\u00f6r\u00fcji \u00f1e ne zoji TICs \u00f1e jango ga \u00f1\u2019emeji ye x\u00f6p\u00fcte, nziga kja in m\u2019\u00ebpji ye ngunx\u00f6r\u00fc un zechiji ye j\u00f1i\u00f1i \u00f1e ye j\u00f1a\u2019a. <\/p>\n<p align=\"justify\"> <em>Carmen S\u00e1nchez Reyes <\/em> <\/p>\n","protected":false},"excerpt":{"rendered":"<p>O mb\u00e4s\u2019\u00e4 e pa\u2019a ne kj\u00eb\u00eb yedyedyete dyech\u2019a \u00f1anto (2016) nu Asamblea General de Naciones Unidas ne kj\u00eb\u00eb 2019 k\u2019a ro mbezhi in tsj\u00eb\u00eb nrenxe ye j\u00f1a\u2019a yo xi \u00f1aji kja j\u00f1i\u00f1i, ngejnu o mb\u00ebpiji nu Seminario Internacional Revitalizaci\u00f3n de Lenguas Ind\u00edgenas en Am\u00e9rica Latina: Buenas Experiencias. K\u2019e pa\u2019a dyech\u2019a \u00f1e dyech\u2019a naja ne zana &hellip; <\/p>\n<p><a class=\"more-link btn\" href=\"https:\/\/revitalizacion.proeibandes.org\/index.php\/memoria\/resumen\/mazahua\/\">Seguir leyendo<\/a><\/p>\n","protected":false},"author":1,"featured_media":0,"parent":156,"menu_order":6,"comment_status":"closed","ping_status":"closed","template":"","meta":{"footnotes":""},"_links":{"self":[{"href":"https:\/\/revitalizacion.proeibandes.org\/index.php\/wp-json\/wp\/v2\/pages\/131"}],"collection":[{"href":"https:\/\/revitalizacion.proeibandes.org\/index.php\/wp-json\/wp\/v2\/pages"}],"about":[{"href":"https:\/\/revitalizacion.proeibandes.org\/index.php\/wp-json\/wp\/v2\/types\/page"}],"author":[{"embeddable":true,"href":"https:\/\/revitalizacion.proeibandes.org\/index.php\/wp-json\/wp\/v2\/users\/1"}],"replies":[{"embeddable":true,"href":"https:\/\/revitalizacion.proeibandes.org\/index.php\/wp-json\/wp\/v2\/comments?post=131"}],"version-history":[{"count":1,"href":"https:\/\/revitalizacion.proeibandes.org\/index.php\/wp-json\/wp\/v2\/pages\/131\/revisions"}],"predecessor-version":[{"id":132,"href":"https:\/\/revitalizacion.proeibandes.org\/index.php\/wp-json\/wp\/v2\/pages\/131\/revisions\/132"}],"up":[{"embeddable":true,"href":"https:\/\/revitalizacion.proeibandes.org\/index.php\/wp-json\/wp\/v2\/pages\/156"}],"wp:attachment":[{"href":"https:\/\/revitalizacion.proeibandes.org\/index.php\/wp-json\/wp\/v2\/media?parent=131"}],"curies":[{"name":"wp","href":"https:\/\/api.w.org\/{rel}","templated":true}]}}