{"id":129,"date":"2019-11-24T12:53:01","date_gmt":"2019-11-24T16:53:01","guid":{"rendered":"http:\/\/revitalizacion.proeibandes.org\/?page_id=129"},"modified":"2019-11-24T14:03:54","modified_gmt":"2019-11-24T18:03:54","slug":"chinanteco","status":"publish","type":"page","link":"https:\/\/revitalizacion.proeibandes.org\/index.php\/memoria\/resumen\/chinanteco\/","title":{"rendered":"Chinanteco"},"content":{"rendered":"\n<p align=\"justify\"> <strong> E fe\u00b4e jii la <\/strong> <\/p>\n<p align=\"justify\"> Ie jii 2016 m\u00ef ka jme juu \u00ed dza nean y\u00fc\u00b4kia\u00b4Naciones Unidas e 2019 jii kia\u00b4jale\u00b4jmii efe\u00b4dza inian la t\u00f6n jm\u00efg\u00fch, e j\u00f3va ka l\u00efh e ta kuen kia\u00b4 e ni s\u00efn jial e ni li ih jal\u00e9 e jmii e na ngo in kia\u00b4la t\u00f6 America Latina. E gh\u00fch jmoo dza e kuen kia\u00b4e ta la. <\/p>\n<p align=\"justify\"> E jova\u00b4e jm\u00ef gih j\u00f3 e jm\u00ef gi k\u00f3h kia\u00b4s\u00ef\u00b4gih kia\u00b4jii 2018 ka sian run jalen dza f\u00ef mii kia\u00b4Cochabamba, jalen dza i sen la k\u00f3 f\u00ef\u00ef e sia, ja len dza tian jm\u00eft\u00efn, jalen dza i j\u00f6\u00f6 j\u00f3 \u00ed jmoo ta kuen kia\u00b4e la nin e ni lih ih jal\u00e9 jmii e sia. <\/p>\n<p align=\"justify\"> E ta e la nin lah ka jme i kia\u00b4 Fondo kia\u00b4i ne ni la k\u00f3 f\u00ef\u00ef kia\u00b4America Latina j\u00f3 Caribe (FILAC) kol\u00efn k\u00f3 i ne ni l\u00ef jm\u00efn dza kia\u00b4 Educaci\u00f3n Intercultural Biling\u00fce kia\u00b4Paises Andinos j\u00f3 la jiv\u00ef k\u00f3 Ministerio de Educaci\u00f3n, Ministerio de Relaciones Exteriores, \u00ed Viceministro kia\u00b4Interculturalidad de Bolivia j\u00f3 \u00ed ne ni kia\u00b4Organizaci\u00f3n de Estados Iberoamericanos para la Educaci\u00f3n, la Ciencia y la Cultura. <\/p>\n<p align=\"justify\"> Jal\u00e9 e juu e k\u00ede i dza ka gulin f\u00ef Giajm\u00ef, Guatemala, Nicaragua, Ecuador, Per\u00fa, Brasil, Bolivia, Chile j\u00f3 Argentina, ja ku\u00f6n ka l\u00efh e juu sia kia\u00b4 maj\u00ed e jmo dza nian l\u00ef y\u00fc\u00b4kuen kia\u00b4jial e ni li \u00f6n jmii e sia la t\u00f6n jmig\u00fcih, dzik\u00fa\u00b4e jova e ka s\u00efn kuen kia\u00b4e jial\u00ef e kin e ni jmena ih jmii, dzik\u00fa\u00b4jale\u00b4jmii kie juu kia\u00b4la k\u00f3 e t\u00efn dza k\u00f6n kih, la k\u00f3 e juu e na ka seer ji la jee na ngo la k\u00f3 jalih jii, jo la k\u00f3 li\u00b4dza, la k\u00f3 \u00efdzir, la k\u00f3 jmoor jo la k\u00f3 s\u00efin k\u00f3 la jan dza i sen la kan guo \u00b4voh kih. <\/p>\n<p align=\"justify\"> M\u00ef ng\u00ef e ka sian run jalen dza y ka fe\u00b4kuen kia\u00b4ja le\u00b4e juu e g\u00fch kia\u00b4 jmii kih, ka s\u00efn kuen kia\u00b4: jal\u00e9 e na ka jmee \u00ed m\u00efng\u00ef kuen kia\u00b4jmii j\u00f3 i jmo\u00b4o, i jmo kuen kia\u00b4l\u00ef tina jalen dza jm\u00ef t\u00efn, jal\u00e9n i jmo huen kia\u00b4b\u00f6 \u00f1ih e na sia l\u00ef nah, i jm\u00ef k\u00f3 tufa\u00b4, j\u00f3 i jmo kuen kia\u00b4i no\u00b4o jial ni m\u00ef \u00f6r jale\u00b4jmii e sia. <\/p>\n<p align=\"justify\"> <em>Nelva G\u00f3mez L\u00f3pez<\/em><\/p>\n","protected":false},"excerpt":{"rendered":"<p>E fe\u00b4e jii la Ie jii 2016 m\u00ef ka jme juu \u00ed dza nean y\u00fc\u00b4kia\u00b4Naciones Unidas e 2019 jii kia\u00b4jale\u00b4jmii efe\u00b4dza inian la t\u00f6n jm\u00efg\u00fch, e j\u00f3va ka l\u00efh e ta kuen kia\u00b4 e ni s\u00efn jial e ni li ih jal\u00e9 e jmii e na ngo in kia\u00b4la t\u00f6 America Latina. E gh\u00fch jmoo &hellip; <\/p>\n<p><a class=\"more-link btn\" href=\"https:\/\/revitalizacion.proeibandes.org\/index.php\/memoria\/resumen\/chinanteco\/\">Seguir leyendo<\/a><\/p>\n","protected":false},"author":1,"featured_media":0,"parent":156,"menu_order":5,"comment_status":"closed","ping_status":"closed","template":"","meta":{"footnotes":""},"_links":{"self":[{"href":"https:\/\/revitalizacion.proeibandes.org\/index.php\/wp-json\/wp\/v2\/pages\/129"}],"collection":[{"href":"https:\/\/revitalizacion.proeibandes.org\/index.php\/wp-json\/wp\/v2\/pages"}],"about":[{"href":"https:\/\/revitalizacion.proeibandes.org\/index.php\/wp-json\/wp\/v2\/types\/page"}],"author":[{"embeddable":true,"href":"https:\/\/revitalizacion.proeibandes.org\/index.php\/wp-json\/wp\/v2\/users\/1"}],"replies":[{"embeddable":true,"href":"https:\/\/revitalizacion.proeibandes.org\/index.php\/wp-json\/wp\/v2\/comments?post=129"}],"version-history":[{"count":1,"href":"https:\/\/revitalizacion.proeibandes.org\/index.php\/wp-json\/wp\/v2\/pages\/129\/revisions"}],"predecessor-version":[{"id":130,"href":"https:\/\/revitalizacion.proeibandes.org\/index.php\/wp-json\/wp\/v2\/pages\/129\/revisions\/130"}],"up":[{"embeddable":true,"href":"https:\/\/revitalizacion.proeibandes.org\/index.php\/wp-json\/wp\/v2\/pages\/156"}],"wp:attachment":[{"href":"https:\/\/revitalizacion.proeibandes.org\/index.php\/wp-json\/wp\/v2\/media?parent=129"}],"curies":[{"name":"wp","href":"https:\/\/api.w.org\/{rel}","templated":true}]}}