{"id":121,"date":"2019-11-24T12:38:33","date_gmt":"2019-11-24T16:38:33","guid":{"rendered":"http:\/\/revitalizacion.proeibandes.org\/?page_id=121"},"modified":"2019-11-24T14:00:46","modified_gmt":"2019-11-24T18:00:46","slug":"espanol","status":"publish","type":"page","link":"https:\/\/revitalizacion.proeibandes.org\/index.php\/memoria\/resumen\/espanol\/","title":{"rendered":"Espa\u00f1ol"},"content":{"rendered":"\n<p align=\"justify\"> La proclamaci\u00f3n el a\u00f1o 2016 por la Asamblea General de Naciones Unidas del 2019 como A\u00f1o Internacional de las lenguas ind\u00edgenas ha sido el marco en que se desarroll\u00f3 el Seminario Internacional Revitalizaci\u00f3n de Lenguas Ind\u00edgenas en Am\u00e9rica Latina: Buenas Experiencias. <\/p>\n<p align=\"justify\">As\u00ed los d\u00edas 10 y 11 de octubre de 2018 se dieron cita en el valle de la ciudad de Cochabamba, (Qolla Suyu, Bolivia) organizaciones de pueblos ind\u00edgenas, acad\u00e9micos, investigadores e instituciones de Abya Yala que han venido trabajando en sus propias agendas la necesaria e importante revitalizaci\u00f3n de las lenguas ind\u00edgenas. \nEste importante Seminario fue organizado por el Fondo para el Desarrollo de los Pueblos Ind\u00edgenas de Am\u00e9rica Latina y el Caribe (FILAC) en conjunto con el Programa de Formaci\u00f3n en Educaci\u00f3n Intercultural Biling\u00fce para los Pa\u00edses Andinos (PROEIB Andes), y la participaci\u00f3n del Ministerio de Educaci\u00f3n, el Ministerio de Relaciones Exteriores, el Viceministerio de Interculturalidad de Bolivia y la Organizaci\u00f3n de Estados Iberoamericanos para la Educaci\u00f3n, la Ciencia y la Cultura (OEI). <\/p>\n<p align=\"justify\"> A trav\u00e9s de destacadas ponencias de M\u00e9xico, Guatemala, Nicaragua, Ecuador, Per\u00fa, Brasil, Bolivia, Chile y Argentina se realiz\u00f3 en un primer momento un balance acerca de las Pol\u00edticas p\u00fablicas para la revitalizaci\u00f3n ling\u00fc\u00edstica y cultural en el continente y por ende se expres\u00f3 transversalmente la necesidad e importancia de las lenguas ind\u00edgenas como depositarias de epistemolog\u00edas, sistemas de saberes y conocimientos milenarios y de otras formas de sentir, pensar y actuar en la interrelaci\u00f3n ser humano y madre tierra. <\/p>\n<p align=\"justify\"> Despu\u00e9s de este necesario balance se expusieron buenas pr\u00e1cticas de revitalizaci\u00f3n de lenguas ind\u00edgenas en los siguientes \u00e1mbitos: Experiencias de instituciones en torno a la investigaci\u00f3n y normalizaci\u00f3n ling\u00fc\u00edstica, experiencias de interculturalizaci\u00f3n de los sistemas educativos, experiencias de fortalecimiento identitario y ling\u00fc\u00edstico a trav\u00e9s de las tecnolog\u00edas de la informaci\u00f3n TICs y la formaci\u00f3n docente y el rol acad\u00e9mico en los procesos de revitalizaci\u00f3n cultural y ling\u00fc\u00edstica. <\/p>\n<p align=\"justify\"> <strong>Palabras clave:<\/strong> lenguas ind\u00edgenas, interculturalidad, revitalizaci\u00f3n ling\u00fc\u00edstica, buenas pr\u00e1cticas. <\/p>\n","protected":false},"excerpt":{"rendered":"<p>La proclamaci\u00f3n el a\u00f1o 2016 por la Asamblea General de Naciones Unidas del 2019 como A\u00f1o Internacional de las lenguas ind\u00edgenas ha sido el marco en que se desarroll\u00f3 el Seminario Internacional Revitalizaci\u00f3n de Lenguas Ind\u00edgenas en Am\u00e9rica Latina: Buenas Experiencias. As\u00ed los d\u00edas 10 y 11 de octubre de 2018 se dieron cita en &hellip; <\/p>\n<p><a class=\"more-link btn\" href=\"https:\/\/revitalizacion.proeibandes.org\/index.php\/memoria\/resumen\/espanol\/\">Seguir leyendo<\/a><\/p>\n","protected":false},"author":1,"featured_media":0,"parent":156,"menu_order":1,"comment_status":"closed","ping_status":"closed","template":"","meta":{"footnotes":""},"_links":{"self":[{"href":"https:\/\/revitalizacion.proeibandes.org\/index.php\/wp-json\/wp\/v2\/pages\/121"}],"collection":[{"href":"https:\/\/revitalizacion.proeibandes.org\/index.php\/wp-json\/wp\/v2\/pages"}],"about":[{"href":"https:\/\/revitalizacion.proeibandes.org\/index.php\/wp-json\/wp\/v2\/types\/page"}],"author":[{"embeddable":true,"href":"https:\/\/revitalizacion.proeibandes.org\/index.php\/wp-json\/wp\/v2\/users\/1"}],"replies":[{"embeddable":true,"href":"https:\/\/revitalizacion.proeibandes.org\/index.php\/wp-json\/wp\/v2\/comments?post=121"}],"version-history":[{"count":1,"href":"https:\/\/revitalizacion.proeibandes.org\/index.php\/wp-json\/wp\/v2\/pages\/121\/revisions"}],"predecessor-version":[{"id":122,"href":"https:\/\/revitalizacion.proeibandes.org\/index.php\/wp-json\/wp\/v2\/pages\/121\/revisions\/122"}],"up":[{"embeddable":true,"href":"https:\/\/revitalizacion.proeibandes.org\/index.php\/wp-json\/wp\/v2\/pages\/156"}],"wp:attachment":[{"href":"https:\/\/revitalizacion.proeibandes.org\/index.php\/wp-json\/wp\/v2\/media?parent=121"}],"curies":[{"name":"wp","href":"https:\/\/api.w.org\/{rel}","templated":true}]}}